{"id":4229,"date":"2023-05-03T12:23:53","date_gmt":"2023-05-03T12:23:53","guid":{"rendered":"https:\/\/partners.flexado.com\/ubicacion-del-registro\/"},"modified":"2025-10-06T09:25:51","modified_gmt":"2025-10-06T09:25:51","slug":"ubicacion-del-registro","status":"publish","type":"page","link":"https:\/\/partners.flexado.com\/es\/ubicacion-del-registro\/","title":{"rendered":"Ubicaci\u00f3n del registro"},"content":{"rendered":"\n\t\t<div id=\"fws_69d7f4eced056\"  data-column-margin=\"default\" data-midnight=\"dark\"  class=\"wpb_row vc_row-fluid vc_row full-width-content vc_row-o-equal-height vc_row-flex vc_row-o-content-top header-signup\"  style=\"padding-top: 0px; padding-bottom: 0px; \"><div class=\"row-bg-wrap\" data-bg-animation=\"none\" data-bg-animation-delay=\"\" data-bg-overlay=\"false\"><div class=\"inner-wrap row-bg-layer\" ><div class=\"row-bg viewport-desktop\"  style=\"\"><\/div><\/div><\/div><div class=\"row_col_wrap_12 col span_12 dark left\">\n\t<div  class=\"vc_col-sm-12 wpb_column column_container vc_column_container col no-extra-padding inherit_tablet inherit_phone \"  data-padding-pos=\"all\" data-has-bg-color=\"false\" data-bg-color=\"\" data-bg-opacity=\"1\" data-animation=\"\" data-delay=\"0\" >\n\t\t<div class=\"vc_column-inner\" >\n\t\t\t<div class=\"wpb_wrapper\">\n\t\t\t\t\n\t<div class=\"wpb_raw_code wpb_raw_html wpb_content_element\" >\n\t\t<div class=\"wpb_wrapper\">\n\t\t\t<div class=\"signup-menu\"><a class=\"signup-logo\" href=\"\/\"><\/a><a class=\"btn-border\" href=\"javascript:window.history.back();\">Cerrar<\/a><\/div>\n\t\t<\/div>\n\t<\/div>\n\n\t\t\t<\/div> \n\t\t<\/div>\n\t<\/div> \n<\/div><\/div>\n\t\t<div id=\"fws_69d7f4eced751\"  data-column-margin=\"default\" data-midnight=\"dark\"  class=\"wpb_row vc_row-fluid vc_row full-width-section vc_row-o-full-height vc_row-o-columns-middle vc_row-o-equal-height vc_row-flex vc_row-o-content-middle bg-half-color\"  style=\"padding-top: 0px; padding-bottom: 0px; \"><div class=\"row-bg-wrap\" data-bg-animation=\"none\" data-bg-animation-delay=\"\" data-bg-overlay=\"false\"><div class=\"inner-wrap row-bg-layer\" ><div class=\"row-bg viewport-desktop\"  style=\"\"><\/div><\/div><\/div><div class=\"row_col_wrap_12 col span_12 dark left\">\n\t<div  class=\"vc_col-sm-6 wpb_column column_container vc_column_container col padding-8-percent top_margin_tablet_100px top_margin_phone_100px bottom_margin_tablet_100px bottom_margin_phone_100px no-extra-padding_tablet no-extra-padding_phone \"  data-padding-pos=\"right\" data-has-bg-color=\"false\" data-bg-color=\"\" data-bg-opacity=\"1\" data-animation=\"\" data-delay=\"0\" >\n\t\t<div class=\"vc_column-inner\" >\n\t\t\t<div class=\"wpb_wrapper\">\n\t\t\t\t\n<div class=\"wpb_text_column wpb_content_element \" >\n\t<div class=\"wpb_wrapper\">\n\t\t<h2>Registrar su ubicaci\u00f3n nunca ha sido tan f\u00e1cil<\/h2>\n\t<\/div>\n<\/div>\n\n\n\n<div class=\"nectar-fancy-ul\" data-list-icon=\"icon-salient-check\" data-animation=\"false\" data-animation-delay=\"0\" data-color=\"extra-color-2\" data-spacing=\"default\" data-alignment=\"left\"> \n<ul>\n<li>\n<h6>Totalmente desahogado<\/h6>\n<\/li>\n<li>\n<h6>Consigue m\u00e1s clientes fieles<\/h6>\n<\/li>\n<li>\n<h6>Flexado como socio del conocimiento<\/h6>\n<\/li>\n<\/ul>\n <\/div><div class=\"divider-wrap height_phone_5px \" data-alignment=\"default\"><div style=\"height: 50px;\" class=\"divider\"><\/div><\/div><div id=\"fws_69d7f4ecef7b6\" data-midnight=\"\" data-column-margin=\"default\" class=\"wpb_row vc_row-fluid vc_row inner_row\"  style=\"\"><div class=\"row-bg-wrap\"> <div class=\"row-bg\" ><\/div> <\/div><div class=\"row_col_wrap_12_inner col span_12  left\">\n\t<div  class=\"vc_col-sm-3 vc_col-xs-3 wpb_column column_container vc_column_container col child_column no-extra-padding inherit_tablet inherit_phone \"   data-padding-pos=\"all\" data-has-bg-color=\"false\" data-bg-color=\"\" data-bg-opacity=\"1\" data-animation=\"\" data-delay=\"0\" >\n\t\t<div class=\"vc_column-inner\" >\n\t\t<div class=\"wpb_wrapper\">\n\t\t\t<div class=\"img-with-aniamtion-wrap \" data-max-width=\"100%\" data-max-width-mobile=\"default\" data-shadow=\"none\" data-animation=\"none\" >\n      <div class=\"inner\">\n        <div class=\"hover-wrap\"> \n          <div class=\"hover-wrap-inner\">\n            <img loading=\"lazy\" decoding=\"async\" class=\"img-with-animation skip-lazy\" data-delay=\"0\" height=\"220\" width=\"550\" data-animation=\"none\" src=\"https:\/\/partners.flexado.com\/wp-content\/uploads\/sites\/2\/2023\/05\/Flexado-partner-logo-_0000s_0018_Co-office-logo.png\" alt=\"\" srcset=\"https:\/\/partners.flexado.com\/wp-content\/uploads\/sites\/2\/2023\/05\/Flexado-partner-logo-_0000s_0018_Co-office-logo.png 550w, https:\/\/partners.flexado.com\/wp-content\/uploads\/sites\/2\/2023\/05\/Flexado-partner-logo-_0000s_0018_Co-office-logo-300x120.png 300w\" sizes=\"auto, (max-width: 550px) 100vw, 550px\" \/>\n          <\/div>\n        <\/div>\n      <\/div>\n    <\/div>\n\t\t<\/div> \n\t<\/div>\n\t<\/div> \n\n\t<div  class=\"vc_col-sm-3 vc_col-xs-3 wpb_column column_container vc_column_container col child_column no-extra-padding inherit_tablet inherit_phone \"   data-padding-pos=\"all\" data-has-bg-color=\"false\" data-bg-color=\"\" data-bg-opacity=\"1\" data-animation=\"\" data-delay=\"0\" >\n\t\t<div class=\"vc_column-inner\" >\n\t\t<div class=\"wpb_wrapper\">\n\t\t\t<div class=\"img-with-aniamtion-wrap \" data-max-width=\"100%\" data-max-width-mobile=\"default\" data-shadow=\"none\" data-animation=\"none\" >\n      <div class=\"inner\">\n        <div class=\"hover-wrap\"> \n          <div class=\"hover-wrap-inner\">\n            <img loading=\"lazy\" decoding=\"async\" class=\"img-with-animation skip-lazy\" data-delay=\"0\" height=\"220\" width=\"550\" data-animation=\"none\" src=\"https:\/\/partners.flexado.com\/wp-content\/uploads\/sites\/2\/2023\/05\/Flexado-partner-logo-_0000s_0016_EBC-logo.png\" alt=\"\" srcset=\"https:\/\/partners.flexado.com\/wp-content\/uploads\/sites\/2\/2023\/05\/Flexado-partner-logo-_0000s_0016_EBC-logo.png 550w, https:\/\/partners.flexado.com\/wp-content\/uploads\/sites\/2\/2023\/05\/Flexado-partner-logo-_0000s_0016_EBC-logo-300x120.png 300w\" sizes=\"auto, (max-width: 550px) 100vw, 550px\" \/>\n          <\/div>\n        <\/div>\n      <\/div>\n    <\/div>\n\t\t<\/div> \n\t<\/div>\n\t<\/div> \n\n\t<div  class=\"vc_col-sm-3 vc_col-xs-3 wpb_column column_container vc_column_container col child_column no-extra-padding inherit_tablet inherit_phone \"   data-padding-pos=\"all\" data-has-bg-color=\"false\" data-bg-color=\"\" data-bg-opacity=\"1\" data-animation=\"\" data-delay=\"0\" >\n\t\t<div class=\"vc_column-inner\" >\n\t\t<div class=\"wpb_wrapper\">\n\t\t\t<div class=\"img-with-aniamtion-wrap \" data-max-width=\"100%\" data-max-width-mobile=\"default\" data-shadow=\"none\" data-animation=\"none\" >\n      <div class=\"inner\">\n        <div class=\"hover-wrap\"> \n          <div class=\"hover-wrap-inner\">\n            <img loading=\"lazy\" decoding=\"async\" class=\"img-with-animation skip-lazy\" data-delay=\"0\" height=\"220\" width=\"550\" data-animation=\"none\" src=\"https:\/\/partners.flexado.com\/wp-content\/uploads\/sites\/2\/2023\/05\/Flexado-partner-logo-_0000s_0013_frame-offices.png\" alt=\"\" srcset=\"https:\/\/partners.flexado.com\/wp-content\/uploads\/sites\/2\/2023\/05\/Flexado-partner-logo-_0000s_0013_frame-offices.png 550w, https:\/\/partners.flexado.com\/wp-content\/uploads\/sites\/2\/2023\/05\/Flexado-partner-logo-_0000s_0013_frame-offices-300x120.png 300w\" sizes=\"auto, (max-width: 550px) 100vw, 550px\" \/>\n          <\/div>\n        <\/div>\n      <\/div>\n    <\/div>\n\t\t<\/div> \n\t<\/div>\n\t<\/div> \n\n\t<div  class=\"vc_col-sm-3 vc_col-xs-3 wpb_column column_container vc_column_container col child_column no-extra-padding inherit_tablet inherit_phone \"   data-padding-pos=\"all\" data-has-bg-color=\"false\" data-bg-color=\"\" data-bg-opacity=\"1\" data-animation=\"\" data-delay=\"0\" >\n\t\t<div class=\"vc_column-inner\" >\n\t\t<div class=\"wpb_wrapper\">\n\t\t\t<div class=\"img-with-aniamtion-wrap \" data-max-width=\"100%\" data-max-width-mobile=\"default\" data-shadow=\"none\" data-animation=\"none\" >\n      <div class=\"inner\">\n        <div class=\"hover-wrap\"> \n          <div class=\"hover-wrap-inner\">\n            <img loading=\"lazy\" decoding=\"async\" class=\"img-with-animation skip-lazy\" data-delay=\"0\" height=\"220\" width=\"550\" data-animation=\"none\" src=\"https:\/\/partners.flexado.com\/wp-content\/uploads\/sites\/2\/2023\/05\/Flexado-partner-logo-_0000s_0009_Nimbler-logo.png\" alt=\"\" srcset=\"https:\/\/partners.flexado.com\/wp-content\/uploads\/sites\/2\/2023\/05\/Flexado-partner-logo-_0000s_0009_Nimbler-logo.png 550w, https:\/\/partners.flexado.com\/wp-content\/uploads\/sites\/2\/2023\/05\/Flexado-partner-logo-_0000s_0009_Nimbler-logo-300x120.png 300w\" sizes=\"auto, (max-width: 550px) 100vw, 550px\" \/>\n          <\/div>\n        <\/div>\n      <\/div>\n    <\/div>\n\t\t<\/div> \n\t<\/div>\n\t<\/div> \n<\/div><\/div><div id=\"fws_69d7f4ecf1694\" data-midnight=\"\" data-column-margin=\"default\" class=\"wpb_row vc_row-fluid vc_row inner_row\"  style=\"\"><div class=\"row-bg-wrap\"> <div class=\"row-bg\" ><\/div> <\/div><div class=\"row_col_wrap_12_inner col span_12  left\">\n\t<div  class=\"vc_col-sm-3 vc_col-xs-3 wpb_column column_container vc_column_container col child_column no-extra-padding inherit_tablet inherit_phone \"   data-padding-pos=\"all\" data-has-bg-color=\"false\" data-bg-color=\"\" data-bg-opacity=\"1\" data-animation=\"\" data-delay=\"0\" >\n\t\t<div class=\"vc_column-inner\" >\n\t\t<div class=\"wpb_wrapper\">\n\t\t\t<div class=\"img-with-aniamtion-wrap \" data-max-width=\"100%\" data-max-width-mobile=\"default\" data-shadow=\"none\" data-animation=\"none\" >\n      <div class=\"inner\">\n        <div class=\"hover-wrap\"> \n          <div class=\"hover-wrap-inner\">\n            <img loading=\"lazy\" decoding=\"async\" class=\"img-with-animation skip-lazy\" data-delay=\"0\" height=\"220\" width=\"550\" data-animation=\"none\" src=\"https:\/\/partners.flexado.com\/wp-content\/uploads\/sites\/2\/2023\/05\/Flexado-partner-logo-_0000s_0003_Tribes-logo.png\" alt=\"\" srcset=\"https:\/\/partners.flexado.com\/wp-content\/uploads\/sites\/2\/2023\/05\/Flexado-partner-logo-_0000s_0003_Tribes-logo.png 550w, https:\/\/partners.flexado.com\/wp-content\/uploads\/sites\/2\/2023\/05\/Flexado-partner-logo-_0000s_0003_Tribes-logo-300x120.png 300w\" sizes=\"auto, (max-width: 550px) 100vw, 550px\" \/>\n          <\/div>\n        <\/div>\n      <\/div>\n    <\/div>\n\t\t<\/div> \n\t<\/div>\n\t<\/div> \n\n\t<div  class=\"vc_col-sm-3 vc_col-xs-3 wpb_column column_container vc_column_container col child_column no-extra-padding inherit_tablet inherit_phone \"   data-padding-pos=\"all\" data-has-bg-color=\"false\" data-bg-color=\"\" data-bg-opacity=\"1\" data-animation=\"\" data-delay=\"0\" >\n\t\t<div class=\"vc_column-inner\" >\n\t\t<div class=\"wpb_wrapper\">\n\t\t\t<div class=\"img-with-aniamtion-wrap \" data-max-width=\"100%\" data-max-width-mobile=\"default\" data-shadow=\"none\" data-animation=\"none\" >\n      <div class=\"inner\">\n        <div class=\"hover-wrap\"> \n          <div class=\"hover-wrap-inner\">\n            <img loading=\"lazy\" decoding=\"async\" class=\"img-with-animation skip-lazy\" data-delay=\"0\" height=\"220\" width=\"550\" data-animation=\"none\" src=\"https:\/\/partners.flexado.com\/wp-content\/uploads\/sites\/2\/2023\/05\/Flexado-partner-logo-_0000s_0004_Topos-logo.png\" alt=\"\" srcset=\"https:\/\/partners.flexado.com\/wp-content\/uploads\/sites\/2\/2023\/05\/Flexado-partner-logo-_0000s_0004_Topos-logo.png 550w, https:\/\/partners.flexado.com\/wp-content\/uploads\/sites\/2\/2023\/05\/Flexado-partner-logo-_0000s_0004_Topos-logo-300x120.png 300w\" sizes=\"auto, (max-width: 550px) 100vw, 550px\" \/>\n          <\/div>\n        <\/div>\n      <\/div>\n    <\/div>\n\t\t<\/div> \n\t<\/div>\n\t<\/div> \n\n\t<div  class=\"vc_col-sm-3 vc_col-xs-3 wpb_column column_container vc_column_container col child_column no-extra-padding inherit_tablet inherit_phone \"   data-padding-pos=\"all\" data-has-bg-color=\"false\" data-bg-color=\"\" data-bg-opacity=\"1\" data-animation=\"\" data-delay=\"0\" >\n\t\t<div class=\"vc_column-inner\" >\n\t\t<div class=\"wpb_wrapper\">\n\t\t\t<div class=\"img-with-aniamtion-wrap \" data-max-width=\"100%\" data-max-width-mobile=\"default\" data-shadow=\"none\" data-animation=\"none\" >\n      <div class=\"inner\">\n        <div class=\"hover-wrap\"> \n          <div class=\"hover-wrap-inner\">\n            <img loading=\"lazy\" decoding=\"async\" class=\"img-with-animation skip-lazy\" data-delay=\"0\" height=\"220\" width=\"550\" data-animation=\"none\" src=\"https:\/\/partners.flexado.com\/wp-content\/uploads\/sites\/2\/2023\/05\/Flexado-partner-logo-_0000s_0001_Workspot-logo.png\" alt=\"\" srcset=\"https:\/\/partners.flexado.com\/wp-content\/uploads\/sites\/2\/2023\/05\/Flexado-partner-logo-_0000s_0001_Workspot-logo.png 550w, https:\/\/partners.flexado.com\/wp-content\/uploads\/sites\/2\/2023\/05\/Flexado-partner-logo-_0000s_0001_Workspot-logo-300x120.png 300w\" sizes=\"auto, (max-width: 550px) 100vw, 550px\" \/>\n          <\/div>\n        <\/div>\n      <\/div>\n    <\/div>\n\t\t<\/div> \n\t<\/div>\n\t<\/div> \n\n\t<div  class=\"vc_col-sm-3 vc_col-xs-3 wpb_column column_container vc_column_container col child_column no-extra-padding inherit_tablet inherit_phone \"   data-padding-pos=\"all\" data-has-bg-color=\"false\" data-bg-color=\"\" data-bg-opacity=\"1\" data-animation=\"\" data-delay=\"0\" >\n\t\t<div class=\"vc_column-inner\" >\n\t\t<div class=\"wpb_wrapper\">\n\t\t\t<div class=\"img-with-aniamtion-wrap \" data-max-width=\"100%\" data-max-width-mobile=\"default\" data-shadow=\"none\" data-animation=\"none\" >\n      <div class=\"inner\">\n        <div class=\"hover-wrap\"> \n          <div class=\"hover-wrap-inner\">\n            <img loading=\"lazy\" decoding=\"async\" class=\"img-with-animation skip-lazy\" data-delay=\"0\" height=\"220\" width=\"550\" data-animation=\"none\" src=\"https:\/\/partners.flexado.com\/wp-content\/uploads\/sites\/2\/2023\/05\/Flexado-partner-logo-_0000s_0006_Startdock-logo.png\" alt=\"\" srcset=\"https:\/\/partners.flexado.com\/wp-content\/uploads\/sites\/2\/2023\/05\/Flexado-partner-logo-_0000s_0006_Startdock-logo.png 550w, https:\/\/partners.flexado.com\/wp-content\/uploads\/sites\/2\/2023\/05\/Flexado-partner-logo-_0000s_0006_Startdock-logo-300x120.png 300w\" sizes=\"auto, (max-width: 550px) 100vw, 550px\" \/>\n          <\/div>\n        <\/div>\n      <\/div>\n    <\/div>\n\t\t<\/div> \n\t<\/div>\n\t<\/div> \n<\/div><\/div>\n<div class=\"wpb_text_column wpb_content_element \" >\n\t<div class=\"wpb_wrapper\">\n\t\t<h6 style=\"font-size: 14px; color: rgb(0,0,0,.5);\">Y mucho m\u00e1s&#8230;<\/h6>\n\t<\/div>\n<\/div>\n\n\n\n\n\t<div class=\"wpb_raw_code wpb_raw_html wpb_content_element\" >\n\t\t<div class=\"wpb_wrapper\">\n\t\t\t<span class=\"bg-mobile\"><\/span>\n\t\t<\/div>\n\t<\/div>\n\n\t\t\t<\/div> \n\t\t<\/div>\n\t<\/div> \n\n\t<div  class=\"vc_col-sm-6 signup-form wpb_column column_container vc_column_container col padding-8-percent bottom_margin_tablet_100px bottom_margin_phone_50px no-extra-padding_tablet no-extra-padding_phone \"  data-padding-pos=\"left\" data-has-bg-color=\"false\" data-bg-color=\"\" data-bg-opacity=\"1\" data-animation=\"\" data-delay=\"0\" >\n\t\t<div class=\"vc_column-inner\" >\n\t\t\t<div class=\"wpb_wrapper\">\n\t\t\t\t\n\t<div class=\"wpb_raw_code wpb_raw_html wpb_content_element\" >\n\t\t<div class=\"wpb_wrapper\">\n\t\t\t<iframe aria-label=\"Flexado Partner Contact - NL\" frameborder=\"0\" style=\"height:620px;width:99%;border:none;\" src=\"https:\/\/forms.zohopublic.com\/flexado\/form\/FlexadoPartnerContact\/formperma\/bdo5EN2YCeTKLQjDvucb9g71okJ9mMZRwtgMYD6RHAg\"><\/iframe>\n\t\t<\/div>\n\t<\/div>\n\n\t\t\t<\/div> \n\t\t<\/div>\n\t<\/div> \n<\/div><\/div>\n"},"excerpt":{"rendered":"<p>[vc_row type=\u00bbfull_width_content\u00bb full_screen_row_position=\u00bbmiddle\u00bb column_margin=\u00bbdefault\u00bb column_direction=\u00bbdefault\u00bb column_direction_tablet=\u00bbdefault\u00bb column_direction_phone=\u00bbdefault\u00bb scene_position=\u00bbcenter\u00bb text_color=\u00bbdark\u00bb text_align=\u00bbleft\u00bb row_border_radius=\u00bbnone\u00bb row_border_radius_applies=\u00bbbg\u00bb overflow=\u00bbvisible\u00bb class=\u00bbheader-signup\u00bb overlay_strength=\u00bb0.3&#8243; gradient_direction=\u00bbleft_to_right\u00bb shape_divider_position=\u00bbbottom\u00bb bg_image_animation=\u00bbnone\u00bb gradient_type=\u00bbdefault\u00bb shape_type=\u00bb\u00bb][vc_column column_padding=\u00bbno-extra-padding\u00bb column_padding_tablet=\u00bbinherit\u00bb column_padding_phone=\u00bbinherit\u00bb column_padding_position=\u00bball\u00bb column_element_direction_desktop=\u00bbdefault\u00bb column_element_spacing=\u00bbdefault\u00bb desktop_text_alignment=\u00bbdefault\u00bb tablet_text_alignment=\u00bbdefault\u00bb phone_text_alignment=\u00bbdefault\u00bb background_color_opacity=\u00bb1&#8243;&#8230;<\/p>\n","protected":false},"author":3,"featured_media":0,"parent":0,"menu_order":0,"comment_status":"closed","ping_status":"closed","template":"template-no-header-footer.php","meta":{"inline_featured_image":false,"footnotes":""},"class_list":["post-4229","page","type-page","status-publish"],"yoast_head":"<!-- This site is optimized with the Yoast SEO Premium plugin v24.2 (Yoast SEO v24.2) - https:\/\/yoast.com\/wordpress\/plugins\/seo\/ -->\n<title>As\u00f3ciese con Flexado - Registre su centro de negocios f\u00e1cilmente<\/title>\n<meta name=\"description\" content=\"\u00danase a Flexado y llegue a empresarios que buscan oficinas virtuales en todo el mundo. Registre su ubicaci\u00f3n como socio de forma r\u00e1pida y gratuita.\" \/>\n<meta name=\"robots\" content=\"index, follow, max-snippet:-1, max-image-preview:large, max-video-preview:-1\" \/>\n<link rel=\"canonical\" href=\"https:\/\/partners.flexado.com\/es\/ubicacion-del-registro\/\" \/>\n<meta property=\"og:locale\" content=\"es_ES\" \/>\n<meta property=\"og:type\" content=\"article\" \/>\n<meta property=\"og:title\" content=\"Ubicaci\u00f3n del registro\" \/>\n<meta property=\"og:description\" content=\"\u00danase a Flexado y llegue a empresarios que buscan oficinas virtuales en todo el mundo. Registre su ubicaci\u00f3n como socio de forma r\u00e1pida y gratuita.\" \/>\n<meta property=\"og:url\" content=\"https:\/\/partners.flexado.com\/es\/ubicacion-del-registro\/\" \/>\n<meta property=\"og:site_name\" content=\"Flexado Partners\" \/>\n<meta property=\"article:modified_time\" content=\"2025-10-06T09:25:51+00:00\" \/>\n<meta name=\"twitter:card\" content=\"summary_large_image\" \/>\n<meta name=\"twitter:label1\" content=\"Tiempo de lectura\" \/>\n\t<meta name=\"twitter:data1\" content=\"11 minutos\" \/>\n<script type=\"application\/ld+json\" class=\"yoast-schema-graph\">{\"@context\":\"https:\/\/schema.org\",\"@graph\":[{\"@type\":\"WebPage\",\"@id\":\"https:\/\/partners.flexado.com\/es\/ubicacion-del-registro\/\",\"url\":\"https:\/\/partners.flexado.com\/es\/ubicacion-del-registro\/\",\"name\":\"As\u00f3ciese con Flexado - Registre su centro de negocios f\u00e1cilmente\",\"isPartOf\":{\"@id\":\"https:\/\/partners.flexado.com\/en\/#website\"},\"datePublished\":\"2023-05-03T12:23:53+00:00\",\"dateModified\":\"2025-10-06T09:25:51+00:00\",\"description\":\"\u00danase a Flexado y llegue a empresarios que buscan oficinas virtuales en todo el mundo. Registre su ubicaci\u00f3n como socio de forma r\u00e1pida y gratuita.\",\"breadcrumb\":{\"@id\":\"https:\/\/partners.flexado.com\/es\/ubicacion-del-registro\/#breadcrumb\"},\"inLanguage\":\"es\",\"potentialAction\":[{\"@type\":\"ReadAction\",\"target\":[\"https:\/\/partners.flexado.com\/es\/ubicacion-del-registro\/\"]}]},{\"@type\":\"BreadcrumbList\",\"@id\":\"https:\/\/partners.flexado.com\/es\/ubicacion-del-registro\/#breadcrumb\",\"itemListElement\":[{\"@type\":\"ListItem\",\"position\":1,\"name\":\"Home\",\"item\":\"https:\/\/partners.flexado.com\/es\/trabajando-juntos-2025\/\"},{\"@type\":\"ListItem\",\"position\":2,\"name\":\"Ubicaci\u00f3n del registro\"}]},{\"@type\":\"WebSite\",\"@id\":\"https:\/\/partners.flexado.com\/en\/#website\",\"url\":\"https:\/\/partners.flexado.com\/en\/\",\"name\":\"Flexado Partners\",\"description\":\"All-in-one virtual office software\",\"potentialAction\":[{\"@type\":\"SearchAction\",\"target\":{\"@type\":\"EntryPoint\",\"urlTemplate\":\"https:\/\/partners.flexado.com\/en\/?s={search_term_string}\"},\"query-input\":{\"@type\":\"PropertyValueSpecification\",\"valueRequired\":true,\"valueName\":\"search_term_string\"}}],\"inLanguage\":\"es\"}]}<\/script>\n<!-- \/ Yoast SEO Premium plugin. -->","yoast_head_json":{"title":"As\u00f3ciese con Flexado - Registre su centro de negocios f\u00e1cilmente","description":"\u00danase a Flexado y llegue a empresarios que buscan oficinas virtuales en todo el mundo. Registre su ubicaci\u00f3n como socio de forma r\u00e1pida y gratuita.","robots":{"index":"index","follow":"follow","max-snippet":"max-snippet:-1","max-image-preview":"max-image-preview:large","max-video-preview":"max-video-preview:-1"},"canonical":"https:\/\/partners.flexado.com\/es\/ubicacion-del-registro\/","og_locale":"es_ES","og_type":"article","og_title":"Ubicaci\u00f3n del registro","og_description":"\u00danase a Flexado y llegue a empresarios que buscan oficinas virtuales en todo el mundo. Registre su ubicaci\u00f3n como socio de forma r\u00e1pida y gratuita.","og_url":"https:\/\/partners.flexado.com\/es\/ubicacion-del-registro\/","og_site_name":"Flexado Partners","article_modified_time":"2025-10-06T09:25:51+00:00","twitter_card":"summary_large_image","twitter_misc":{"Tiempo de lectura":"11 minutos"},"schema":{"@context":"https:\/\/schema.org","@graph":[{"@type":"WebPage","@id":"https:\/\/partners.flexado.com\/es\/ubicacion-del-registro\/","url":"https:\/\/partners.flexado.com\/es\/ubicacion-del-registro\/","name":"As\u00f3ciese con Flexado - Registre su centro de negocios f\u00e1cilmente","isPartOf":{"@id":"https:\/\/partners.flexado.com\/en\/#website"},"datePublished":"2023-05-03T12:23:53+00:00","dateModified":"2025-10-06T09:25:51+00:00","description":"\u00danase a Flexado y llegue a empresarios que buscan oficinas virtuales en todo el mundo. Registre su ubicaci\u00f3n como socio de forma r\u00e1pida y gratuita.","breadcrumb":{"@id":"https:\/\/partners.flexado.com\/es\/ubicacion-del-registro\/#breadcrumb"},"inLanguage":"es","potentialAction":[{"@type":"ReadAction","target":["https:\/\/partners.flexado.com\/es\/ubicacion-del-registro\/"]}]},{"@type":"BreadcrumbList","@id":"https:\/\/partners.flexado.com\/es\/ubicacion-del-registro\/#breadcrumb","itemListElement":[{"@type":"ListItem","position":1,"name":"Home","item":"https:\/\/partners.flexado.com\/es\/trabajando-juntos-2025\/"},{"@type":"ListItem","position":2,"name":"Ubicaci\u00f3n del registro"}]},{"@type":"WebSite","@id":"https:\/\/partners.flexado.com\/en\/#website","url":"https:\/\/partners.flexado.com\/en\/","name":"Flexado Partners","description":"All-in-one virtual office software","potentialAction":[{"@type":"SearchAction","target":{"@type":"EntryPoint","urlTemplate":"https:\/\/partners.flexado.com\/en\/?s={search_term_string}"},"query-input":{"@type":"PropertyValueSpecification","valueRequired":true,"valueName":"search_term_string"}}],"inLanguage":"es"}]}},"_links":{"self":[{"href":"https:\/\/partners.flexado.com\/es\/wp-json\/wp\/v2\/pages\/4229","targetHints":{"allow":["GET"]}}],"collection":[{"href":"https:\/\/partners.flexado.com\/es\/wp-json\/wp\/v2\/pages"}],"about":[{"href":"https:\/\/partners.flexado.com\/es\/wp-json\/wp\/v2\/types\/page"}],"author":[{"embeddable":true,"href":"https:\/\/partners.flexado.com\/es\/wp-json\/wp\/v2\/users\/3"}],"replies":[{"embeddable":true,"href":"https:\/\/partners.flexado.com\/es\/wp-json\/wp\/v2\/comments?post=4229"}],"version-history":[{"count":11,"href":"https:\/\/partners.flexado.com\/es\/wp-json\/wp\/v2\/pages\/4229\/revisions"}],"predecessor-version":[{"id":8007,"href":"https:\/\/partners.flexado.com\/es\/wp-json\/wp\/v2\/pages\/4229\/revisions\/8007"}],"wp:attachment":[{"href":"https:\/\/partners.flexado.com\/es\/wp-json\/wp\/v2\/media?parent=4229"}],"curies":[{"name":"wp","href":"https:\/\/api.w.org\/{rel}","templated":true}]}}